{"id":3,"date":"2021-01-24T22:52:39","date_gmt":"2021-01-24T22:52:39","guid":{"rendered":"https:\/\/upes.edu.mx\/radio\/?page_id=3"},"modified":"2021-01-31T21:21:30","modified_gmt":"2021-01-31T21:21:30","slug":"politica-privacidad","status":"publish","type":"page","link":"https:\/\/upes.edu.mx\/radio\/?page_id=3","title":{"rendered":"Pol\u00edtica de privacidad"},"content":{"rendered":"<p>[vc_row][vc_column]\t\t\t<h5 class=\"qt-caption-small qt-capfont \"><span>Qui\u00e9nes somos<\/span><\/h5>\n\t\t[\/vc_column][\/vc_row][vc_row][vc_column][vc_column_text]La direcci\u00f3n de nuestra web es: <a href=\"https:\/\/upes.edu.mx\/radio\">https:\/\/upes.edu.mx\/radio<\/a>.<\/p>\n<p>La Coordinaci\u00f3n de Comunicaci\u00f3n Social de la Universidad Pedag\u00f3gica del Estado de Sinaloa, a trav\u00e9s de Radio UPES, con domicilio en Edificio de Rector\u00eda UPES Segundo piso, calle Castiza s\/n, Colonia Cuauht\u00e9moc, C.P. 80027, Culiac\u00e1n, Sinaloa, es responsable de recabar sus datos personales as\u00ed como el tratamiento de los mismos, los cuales ser\u00e1n protegidos conforme a lo dispuesto por el art\u00edculo 6\u00b0 de la Constituci\u00f3n Pol\u00edtica de los Estados Unidos Mexicanos.<\/p>\n<p>Los fines para los que ser\u00e1 tratada su informaci\u00f3n personal son:<\/p>\n<p>&#8211; Seguimiento y respuesta a solicitudes del p\u00fablico a trav\u00e9s de redes sociales, mensajes de voz, llamadas telef\u00f3nicas, correo electr\u00f3nico.<br \/>\n&#8211; Entrevistas, encuestas y sondeos de opini\u00f3n para conocer los h\u00e1bitos de consumo de la radio y de los medios de comunicaci\u00f3n en lo general.<br \/>\n&#8211; Entrevistas y encuestas con fines period\u00edsticos<br \/>\n&#8211; Notificaci\u00f3n de eventos y difusi\u00f3n de materiales informativos<br \/>\n&#8211; Generaci\u00f3n de informaci\u00f3n estad\u00edstica sobre la navegaci\u00f3n del sitio<br \/>\n&#8211; Las dem\u00e1s finalidades que determinen los responsables en procesos de obtenci\u00f3n de datos personales para su tratamiento y que sean comunicadas a las y los titulares en el momento de la recolecci\u00f3n de los datos personales.<\/p>\n<p><em>Datos a recabar para los fines mencionados:<\/em><br \/>\n<em>Nombre completo<\/em><br \/>\n<em>Correo electr\u00f3nico personal y\/u oficial<\/em><br \/>\n<em>N\u00famero telef\u00f3nico personal<\/em><br \/>\n<em>Domicilio personal<\/em><br \/>\n<em>Ciudad<\/em><br \/>\n<em>Entidad federativa<\/em><br \/>\n<em>Organizaci\u00f3n o instituci\u00f3n de procedencia (de ser el caso)<\/em><\/p>\n<p>La aceptaci\u00f3n del presente aviso implica que los datos personales han sido otorgados voluntariamente y que ha otorgado su consentimiento informado. El o la titular reconoce como su responsabilidad la autenticidad y actualidad de los mismos; por lo cual, la informaci\u00f3n proporcionada por la persona usuaria deber\u00e1 ser veraz y completa. La persona usuaria responder\u00e1 en todo momento por los datos proporcionados y en ning\u00fan caso Radio UPES, la Coordinaci\u00f3n de Comunicaci\u00f3n Social de la UPES o la propia Universidad Pedag\u00f3gica del Estado de Sinaloa ser\u00e1 responsable de la veracidad de los mismos.<\/p>\n<p>Hacemos del conocimiento que Radio UPES no realiza transferencias de sus datos personales a terceros.[\/vc_column_text]\t\t\t<hr class=\"qt-spacer-s\">\n\t\t\t\t\t<h5 class=\"qt-caption-small qt-capfont \"><span>Cookies<\/span><\/h5>\n\t\t[vc_column_text]Hacemos de su conocimiento que en nuestras p\u00e1ginas web utilizamos cookies y otras tecnolog\u00edas a trav\u00e9s de las cuales es posible generar informaci\u00f3n estad\u00edstica. Estas cookies son temporales, y se borran en cuanto Usted cierra todas las ventanas del navegador. Estas cookies no contienen historiales de b\u00fasqueda, informaci\u00f3n sensible o personal.<\/p>\n<p>Ejercicio de los derechos ARCO (Acceso, Rectificaci\u00f3n, Cancelaci\u00f3n u Oposici\u00f3n al uso de sus datos personales)<\/p>\n<p>Usted tiene derecho a conocer qu\u00e9 datos personales tenemos de Usted, para qu\u00e9 los utilizamos y las condiciones del uso que les damos (Acceso). Es tambi\u00e9n su derecho solicitar la correcci\u00f3n de su informaci\u00f3n personal en caso de que sea inexacta, incompleta o est\u00e9 desactualizada(Rectificaci\u00f3n); que la eliminemos de nuestros registros o bases de datos cuando considere que la misma no est\u00e1 siendo utilizada adecuadamente (Cancelaci\u00f3n); as\u00ed como oponerse al uso de sus datos personales para fines espec\u00edficos (Oposici\u00f3n).<\/p>\n<p>Para ejercer sus derechos ARCO puede acudir a la Unidad de Transparencia de la Universidad Pedag\u00f3gica del Estado de Sinaloa, ubicada en Edificio de Rector\u00eda, Castiza s\/n, Col. Cuauht\u00e9moc, C.P. 80027, Culiac\u00e1n, Sinaloa, en horario de atenci\u00f3n de 09:00 a 16:00 horas.\u00a0 La resoluci\u00f3n se le comunicar\u00e1 en un plazo m\u00e1ximo de veinte d\u00edas h\u00e1biles contado a partir de la fecha en que se reciba la solicitud, a efecto de que, de resultar procedente, haga efectiva la misma dentro de los quince d\u00edas h\u00e1biles siguientes a que se comunique la respuesta, la que se dar\u00e1 v\u00eda electr\u00f3nica a la direcci\u00f3n de correo que se especifique en la solicitud.<\/p>\n<p>Usted puede revocar el consentimiento que, en su caso, haya otorgado para el tratamiento de sus datos personales; sin embargo, es importante que considere que no en todos los casos se podr\u00e1 atender su solicitud o concluir el uso de forma inmediata, ya que es posible que por alguna obligaci\u00f3n legal queramos seguir tratando sus datos personales. Usted deber\u00e1 considerar que, para ciertos fines, la revocaci\u00f3n de su consentimiento implica que no le podamos seguir prestando el o los servicios y\/o tr\u00e1mites en l\u00ednea que solicit\u00f3, o la conclusi\u00f3n de su relaci\u00f3n con nosotros.[\/vc_column_text]\t\t\t<hr class=\"qt-spacer-s\">\n\t\t\t\t\t<h5 class=\"qt-caption-small qt-capfont \"><span>T\u00e9rminos y condiciones<\/span><\/h5>\n\t\t[vc_column_text]<\/p>\n<ul>\n<li><strong>Uso del lenguaje<\/strong>. Las y los usuarios deber\u00e1n conducirse con un lenguaje amable y siempre en un marco de respeto. Queda estrictamente prohibido el uso de palabras altisonantes, lenguaje soez o inapropiado, blasfemias, as\u00ed como todo tipo de palabras ofensivas, muestras de odio o amenazas de violencia, que da\u00f1en la integridad moral de las personas o instituciones p\u00fablicas o privadas.<\/li>\n<li><strong>Contenidos discriminatorios<\/strong>. Queda estrictamente prohibido publicar por cualquier medio contenido con car\u00e1cter discriminatorio que pretenda atacar a personas o grupos, en raz\u00f3n de su g\u00e9nero, creencias, ideolog\u00edas partidistas o religiosas, preferencias sexuales, o cualquier otra que sea motivo de marginaci\u00f3n. Del mismo modo queda estrictamente prohibido publicar contenidos difamatorios o constitutivos de calumnia, amenaza o coacci\u00f3n. Todo contenido que contravenga lo anterior ser\u00e1 eliminado, si el medio lo permite le ser\u00e1 prohibido su acceso y en su caso se har\u00e1 del conocimiento de la autoridad competente.<\/li>\n<li><strong>Contenidos obscenos o ilegales<\/strong>. Queda estrictamente prohibido publicar contenidos que vayan en contra de la ley y que afecten al pudor y la moral, que presenten informaci\u00f3n tendenciosa, pornogr\u00e1fica, racista, fundamentalista o que afecte el orden p\u00fablico, \u00e9tico y moral. Todo contenido que contravenga lo anterior ser\u00e1 eliminado, si el medio lo permite le ser\u00e1 prohibido su acceso y en su caso ser\u00e1 puesto a disposici\u00f3n de la autoridad competente.<\/li>\n<li><strong>Seguridad<\/strong>. Queda prohibido publicar o compartir informaci\u00f3n que contenga intencionalmente alg\u00fan virus inform\u00e1tico u otro tipo de mecanismo de programaci\u00f3n que pueda da\u00f1ar, interferir perjudicialmente o expropiar sistemas, datos, o informaci\u00f3n personal. Toda intenci\u00f3n o hecho que se detecte en este sentido ser\u00e1 remitido a la autoridad competente.<\/li>\n<li><strong>Enlaces a sitios ajenos<\/strong>. A trav\u00e9s de este sitio web se pueden encontrar enlaces hacia otros sitios web que no est\u00e1n bajo el control de la UPES y\/o de Radio UPES, por lo que su contenido o su disponibilidad no es responsabilidad de la Universidad Pedag\u00f3gica del Estado de Sinaloa y de Radio UPES. Esto aplica tambi\u00e9n cuando los enlaces hacen referencia a eventos, actividades, convocatorias, promociones, etc.<\/li>\n<\/ul>\n<p><em><strong>Modificaciones al Aviso de Privacidad:<\/strong><\/em><\/p>\n<p>El presente aviso de privacidad puede sufrir modificaciones o actualizaciones. Estas modificaciones estar\u00e1n disponibles al p\u00fablico a trav\u00e9s del portal web upes.edu.mx\/radio<\/p>\n<p>[\/vc_column_text][\/vc_column][\/vc_row]<\/p>\n","protected":false},"excerpt":{"rendered":"<p>[vc_row][vc_column][\/vc_column][\/vc_row][vc_row][vc_column][vc_column_text]La direcci\u00f3n de nuestra web es: https:\/\/upes.edu.mx\/radio. La Coordinaci\u00f3n de Comunicaci\u00f3n Social de la Universidad Pedag\u00f3gica del Estado de Sinaloa, a trav\u00e9s de Radio UPES, con domicilio en Edificio de Rector\u00eda UPES Segundo piso, calle Castiza s\/n, Colonia Cuauht\u00e9moc, C.P. 80027, Culiac\u00e1n, Sinaloa, es responsable de recabar sus datos personales as\u00ed como el tratamiento de [&hellip;]<\/p>\n","protected":false},"author":1,"featured_media":0,"parent":0,"menu_order":0,"comment_status":"closed","ping_status":"open","template":"","meta":[],"_links":{"self":[{"href":"https:\/\/upes.edu.mx\/radio\/index.php?rest_route=\/wp\/v2\/pages\/3"}],"collection":[{"href":"https:\/\/upes.edu.mx\/radio\/index.php?rest_route=\/wp\/v2\/pages"}],"about":[{"href":"https:\/\/upes.edu.mx\/radio\/index.php?rest_route=\/wp\/v2\/types\/page"}],"author":[{"embeddable":true,"href":"https:\/\/upes.edu.mx\/radio\/index.php?rest_route=\/wp\/v2\/users\/1"}],"replies":[{"embeddable":true,"href":"https:\/\/upes.edu.mx\/radio\/index.php?rest_route=%2Fwp%2Fv2%2Fcomments&post=3"}],"version-history":[{"count":6,"href":"https:\/\/upes.edu.mx\/radio\/index.php?rest_route=\/wp\/v2\/pages\/3\/revisions"}],"predecessor-version":[{"id":4239,"href":"https:\/\/upes.edu.mx\/radio\/index.php?rest_route=\/wp\/v2\/pages\/3\/revisions\/4239"}],"wp:attachment":[{"href":"https:\/\/upes.edu.mx\/radio\/index.php?rest_route=%2Fwp%2Fv2%2Fmedia&parent=3"}],"curies":[{"name":"wp","href":"https:\/\/api.w.org\/{rel}","templated":true}]}}