{"id":4113,"date":"2021-01-25T04:30:02","date_gmt":"2021-01-25T04:30:02","guid":{"rendered":"https:\/\/upes.edu.mx\/radio\/?page_id=4113"},"modified":"2024-11-29T12:28:57","modified_gmt":"2024-11-29T19:28:57","slug":"mision-vision-y-valores","status":"publish","type":"page","link":"https:\/\/upes.edu.mx\/radio\/?page_id=4113","title":{"rendered":"Misi\u00f3n, visi\u00f3n y valores"},"content":{"rendered":"<p>[vc_row][vc_column]\t\t\t<hr class=\"qt-spacer-s\">\n\t\t\t\t\t<h5 class=\"qt-caption-small qt-capfont \"><span>Misi\u00f3n<\/span><\/h5>\n\t\t[vc_column_text]<span style=\"font-weight: 400;\">Dar a conocer a la sociedad el conocimiento que genera la Universidad Pedag\u00f3gica del Estado de Sinaloa, as\u00ed como las actividades que realiza en materia cultural y cient\u00edfica, en contribuci\u00f3n a la formaci\u00f3n integral de la sociedad.<\/span>[\/vc_column_text]\t\t\t<hr class=\"qt-spacer-m\">\n\t\t\t\t\t<h5 class=\"qt-caption-small qt-capfont \"><span>Visi\u00f3n<\/span><\/h5>\n\t\t[vc_column_text]<span style=\"font-weight: 400;\">Ser un espacio que ofrece a las audiencias una programaci\u00f3n diversa, con m\u00fasica y <\/span><span style=\"font-weight: 400;\">contenidos de calidad sobre cultura, arte, educaci\u00f3n, ciencia y temas de inter\u00e9s general, con <\/span><span style=\"font-weight: 400;\">apertura para dar visibilidad a los sectores de la sociedad, especialmente a aquellos excluidos de otros medios.<\/span>[\/vc_column_text]\t\t\t<hr class=\"qt-spacer-m\">\n\t\t\t\t\t<h5 class=\"qt-caption-small qt-capfont \"><span>Valores<\/span><\/h5>\n\t\t[vc_column_text]<\/p>\n<ul>\n<li><span style=\"font-weight: 400;\">Responsabilidad Social. Libertad de expresi\u00f3n. Informar objetivamente. Imparcialidad. <\/span> <span style=\"font-weight: 400;\">Pluralidad. Cr\u00edtica. Creatividad. Profesionalismo. Participaci\u00f3n de la audiencia. Rendici\u00f3n de cuentas. Respeto a la vida privada de las personas. Respeto al m\u00e9rito y a la autor\u00eda intelectual. Valores democr\u00e1ticos. Igualdad social. Perspectiva de g\u00e9nero. Honradez.<\/span><\/li>\n<\/ul>\n<p>[\/vc_column_text][\/vc_column][\/vc_row]<\/p>\n","protected":false},"excerpt":{"rendered":"<p>[vc_row][vc_column][vc_column_text]Dar a conocer a la sociedad el conocimiento que genera la Universidad Pedag\u00f3gica del Estado de Sinaloa, as\u00ed como las actividades que realiza en materia cultural y cient\u00edfica, en contribuci\u00f3n a la formaci\u00f3n integral de la sociedad.[\/vc_column_text][vc_column_text]Ser un espacio que ofrece a las audiencias una programaci\u00f3n diversa, con m\u00fasica y contenidos de calidad sobre cultura, [&hellip;]<\/p>\n","protected":false},"author":1,"featured_media":0,"parent":0,"menu_order":0,"comment_status":"closed","ping_status":"closed","template":"","meta":[],"_links":{"self":[{"href":"https:\/\/upes.edu.mx\/radio\/index.php?rest_route=\/wp\/v2\/pages\/4113"}],"collection":[{"href":"https:\/\/upes.edu.mx\/radio\/index.php?rest_route=\/wp\/v2\/pages"}],"about":[{"href":"https:\/\/upes.edu.mx\/radio\/index.php?rest_route=\/wp\/v2\/types\/page"}],"author":[{"embeddable":true,"href":"https:\/\/upes.edu.mx\/radio\/index.php?rest_route=\/wp\/v2\/users\/1"}],"replies":[{"embeddable":true,"href":"https:\/\/upes.edu.mx\/radio\/index.php?rest_route=%2Fwp%2Fv2%2Fcomments&post=4113"}],"version-history":[{"count":9,"href":"https:\/\/upes.edu.mx\/radio\/index.php?rest_route=\/wp\/v2\/pages\/4113\/revisions"}],"predecessor-version":[{"id":7388,"href":"https:\/\/upes.edu.mx\/radio\/index.php?rest_route=\/wp\/v2\/pages\/4113\/revisions\/7388"}],"wp:attachment":[{"href":"https:\/\/upes.edu.mx\/radio\/index.php?rest_route=%2Fwp%2Fv2%2Fmedia&parent=4113"}],"curies":[{"name":"wp","href":"https:\/\/api.w.org\/{rel}","templated":true}]}}