{"id":4158,"date":"2021-01-31T18:43:31","date_gmt":"2021-01-31T18:43:31","guid":{"rendered":"https:\/\/upes.edu.mx\/radio\/?page_id=4158"},"modified":"2021-01-31T18:49:43","modified_gmt":"2021-01-31T18:49:43","slug":"codigo-de-etica-de-radio-upes","status":"publish","type":"page","link":"https:\/\/upes.edu.mx\/radio\/?page_id=4158","title":{"rendered":"C\u00f3digo de \u00c9tica de Radio UPES"},"content":{"rendered":"<p>[vc_row][vc_column]\t\t\t<h5 class=\"qt-caption-small qt-capfont \"><span>C\u00f3digo de \u00c9tica de Radio UPES<\/span><\/h5>\n\t\t[vc_column_text]El C\u00f3digo de \u00c9tica de Radio UPES tiene como prop\u00f3sito establecer los lineamientos b\u00e1sicos obligatorios con los que deber\u00e1n conducirse las y los directivos, productores, programadores, realizadores, operadores, colaboradores, trabajadores y todas las personas que participan en Radio UPES.[\/vc_column_text]\t\t\t<hr class=\"qt-spacer-s\">\n\t\t[\/vc_column][\/vc_row][vc_row][vc_column]\t\t\t<h5 class=\"qt-caption-small qt-capfont \"><span>Consideraciones<\/span><\/h5>\n\t\t[\/vc_column][\/vc_row][vc_row][vc_column][vc_column_text]Radio UPES es un medio de comunicaci\u00f3n de servicio p\u00fablico que tiene como prop\u00f3sito producir y transmitir programas de alta calidad, confiables, que contribuyan al desarrollo educativo y cultural de la audiencia.<\/p>\n<p>El C\u00f3digo de \u00c9tica de Radio UPES se sustenta en el principio de libertad de expresi\u00f3n, entendi\u00e9ndose \u00e9sta como la libertad para expresar y difundir informaci\u00f3n, ideas, opiniones, puntos de vista y mensajes, siempre en un marco de respeto y tolerancia.<\/p>\n<p>Los contenidos promover\u00e1n la responsabilidad social, la objetividad y la pluralidad para la socializaci\u00f3n del conocimiento cient\u00edfico y el saber; informar con imparcialidad, oportunidad y veracidad; y no dar ning\u00fan trato especial ni privilegiado por motivos econ\u00f3micos, pol\u00edticos, partidistas o personales.<\/p>\n<p>Radio UPES difundir\u00e1 la cultura, el arte y la ciencia fomentando una visi\u00f3n cr\u00edtica de la realidad y la apertura para dar visibilidad a todos los sectores de la sociedad, especialmente a aquellos excluidos de otros medios.<\/p>\n<p>Respetar\u00e1 y promover\u00e1 el conocimiento de los derechos de las audiencias, incluidas las disposiciones especiales para la infancia y las personas con discapacidad.<\/p>\n<p>Producir\u00e1 con calidad, oportunidad e informaci\u00f3n los contenidos que difundan la ciencia, la cultura, la m\u00fasica en todas sus expresiones, los deportes, las noticias buscando permanentemente la equidad en temas.<\/p>\n<p>Los contenidos se apegar\u00e1n a los valores y principios de este C\u00f3digo, as\u00ed como en<br \/>\nobservancia al marco legal en materia de transparencia, telecomunicaciones y radiodifusi\u00f3n, y de propiedad intelectual.<\/p>\n<p>Radio UPES asume su compromiso de derecho de r\u00e9plica de la audiencia, apegado a la legislaci\u00f3n vigente en la materia.<\/p>\n<p>Radio UPES procurar\u00e1 que sus transmisiones se mantengan dentro de los l\u00edmites<br \/>\ndel respeto a la vida privada, a la dignidad personal y a la moral, y no ataquen los<br \/>\nderechos de terceros, ni provoquen la comisi\u00f3n de alg\u00fan delito o perturben la paz<br \/>\ny el orden p\u00fablicos.<\/p>\n<p>Se rechazan las injerencias que tengan como finalidad intimidar, desacreditar, perseguir o vetar a quienes colaboran en Radio UPES, cuando sea evidente que tales acciones se realizan por afectar con sus opiniones, producciones y\/o investigaciones a los intereses pol\u00edticos, partidistas, econ\u00f3micos, privados, cient\u00edficos o sociales de ciertos sectores.<\/p>\n<p>En la producci\u00f3n de mesas redondas, debates, paneles de discusi\u00f3n y dem\u00e1s programas de an\u00e1lisis se deber\u00e1n incluir todas las voces que reflejen la diversidad de posturas en torno a un mismo tema, procurando que sean bien representadas por personas informadas, profesionales o con pleno conocimiento de causa.<\/p>\n<p>Las personas participantes en dichas producciones no ser\u00e1n objeto de distinci\u00f3n o discriminaci\u00f3n alguna por g\u00e9nero, ideolog\u00eda, pertenencia a alguna minor\u00eda, estatus social, credo religioso o pol\u00edtico, orientaci\u00f3n sexual, etc.; quienes act\u00faen como moderadores(as), conductores(as) y\/o entrevistadores(as) cuidar\u00e1n tratar a las personas invitadas de manera neutral y equitativa.<\/p>\n<p>Al abordar temas relacionados con actividades delictivas, del crimen organizado o aquellos en los que el miedo o el odio resulten insultantes para cualquier persona o grupo, se optar\u00e1 invariablemente por la discreci\u00f3n, moderaci\u00f3n y preparaci\u00f3n profesional por el equipo de Radio UPES, siempre con un enfoque proactivo, cr\u00edtico y formativo. En ning\u00fan caso se permitir\u00e1n exposiciones innecesarias y gratuitas a dichos temas, y particularmente se evitar\u00e1 que esas tem\u00e1ticas sean ensalzadas o mostradas para invitar a la imitaci\u00f3n. Adem\u00e1s, deber\u00e1n seguirse con sumo apego a los lineamientos que ha fijado el gobierno federal en la clasificaci\u00f3n de p\u00fablicos y horarios espec\u00edficos de contenidos audiovisuales.[\/vc_column_text][\/vc_column][\/vc_row][vc_row][vc_column]\t\t\t<hr class=\"qt-spacer-s\">\n\t\t[\/vc_column][\/vc_row][vc_row][vc_column]\t\t\t<h5 class=\"qt-caption-small qt-capfont \"><span>Del personal que labora, colabora o participa de manera permanente o eventual<\/span><\/h5>\n\t\t[\/vc_column][\/vc_row][vc_row][vc_column][vc_column_text]Las personas que colaboran en Radio UPES y\/o participan de alguna producci\u00f3n quedan obligadas a mantener una actitud orientada, en todo momento, por la claridad, transparencia, honestidad, libertad de expresi\u00f3n, an\u00e1lisis, deliberaci\u00f3n, di\u00e1logo, capacidad de escucha, capacidad de propuesta, reconocimiento a la diversidad, tolerancia, respeto, sensibilidad hacia el interlocutor.<\/p>\n<p>Las personas que participan en Radio UPES como colaboradoras o como parte de su personal evitar\u00e1n el conflicto de intereses entre sus actividades como colaboradoras de Radio UPES y cualquier desempe\u00f1o profesional.<\/p>\n<p>Se respetar\u00e1 la libertad de expresi\u00f3n y de creaci\u00f3n de las personas que intervienen como locutoras, conductoras, colaboradoras y programadoras que al desempe\u00f1ar sus funciones deban externar su opini\u00f3n personal; a su vez ellas se comprometen a dejar en claro, cuando sea necesario, que se trata de ideas propias y no de las de Radio UPES ni de la Universidad Pedag\u00f3gica del Estado de Sinaloa.<\/p>\n<p>Queda expresamente prohibido, por colaborar o tener nexos con Radio UPES, recibir beneficios o d\u00e1divas personales, sean econ\u00f3micos, pol\u00edticos o sociales.<\/p>\n<p>Las y los integrantes y colaboradores\/as (estudiantes, prestadores\/as de servicio social, practicantes, productores\/as o locutores\/as invitados\/as, entre otros) promover\u00e1n de forma permanente la retroalimentaci\u00f3n libre, respetuosa, cr\u00edtica y veraz con la audiencia.<\/p>\n<p>El equipo humano con acceso a los micr\u00f3fonos en las transmisiones en vivo y en las cabinas de grabaci\u00f3n privilegiar\u00e1 un lenguaje no sexista, incluyente, que evite cualquier tipo de discriminaci\u00f3n por cuestiones de g\u00e9nero, orientaci\u00f3n sexual, religi\u00f3n, discapacidad, edad, estado civil o cualquier otra que atente contra la dignidad humana y tenga por objeto anular o menoscabar los derechos y libertades de las personas.<\/p>\n<p>El presente C\u00f3digo de \u00c9tica se publicar\u00e1 en la p\u00e1gina de internet de Radio UPES y se inscribir\u00e1 en el Registro P\u00fablico de Concesiones del Instituto Federal de Telecomunicaciones.[\/vc_column_text][\/vc_column][\/vc_row][vc_row][vc_column]\t\t\t<hr class=\"qt-spacer-m\">\n\t\t[\/vc_column][\/vc_row]<\/p>\n","protected":false},"excerpt":{"rendered":"<p>[vc_row][vc_column][vc_column_text]El C\u00f3digo de \u00c9tica de Radio UPES tiene como prop\u00f3sito establecer los lineamientos b\u00e1sicos obligatorios con los que deber\u00e1n conducirse las y los directivos, productores, programadores, realizadores, operadores, colaboradores, trabajadores y todas las personas que participan en Radio UPES.[\/vc_column_text][\/vc_column][\/vc_row][vc_row][vc_column][\/vc_column][\/vc_row][vc_row][vc_column][vc_column_text]Radio UPES es un medio de comunicaci\u00f3n de servicio p\u00fablico que tiene como prop\u00f3sito producir y transmitir [&hellip;]<\/p>\n","protected":false},"author":1,"featured_media":0,"parent":0,"menu_order":0,"comment_status":"closed","ping_status":"closed","template":"page-nosidebar.php","meta":[],"_links":{"self":[{"href":"https:\/\/upes.edu.mx\/radio\/index.php?rest_route=\/wp\/v2\/pages\/4158"}],"collection":[{"href":"https:\/\/upes.edu.mx\/radio\/index.php?rest_route=\/wp\/v2\/pages"}],"about":[{"href":"https:\/\/upes.edu.mx\/radio\/index.php?rest_route=\/wp\/v2\/types\/page"}],"author":[{"embeddable":true,"href":"https:\/\/upes.edu.mx\/radio\/index.php?rest_route=\/wp\/v2\/users\/1"}],"replies":[{"embeddable":true,"href":"https:\/\/upes.edu.mx\/radio\/index.php?rest_route=%2Fwp%2Fv2%2Fcomments&post=4158"}],"version-history":[{"count":3,"href":"https:\/\/upes.edu.mx\/radio\/index.php?rest_route=\/wp\/v2\/pages\/4158\/revisions"}],"predecessor-version":[{"id":4161,"href":"https:\/\/upes.edu.mx\/radio\/index.php?rest_route=\/wp\/v2\/pages\/4158\/revisions\/4161"}],"wp:attachment":[{"href":"https:\/\/upes.edu.mx\/radio\/index.php?rest_route=%2Fwp%2Fv2%2Fmedia&parent=4158"}],"curies":[{"name":"wp","href":"https:\/\/api.w.org\/{rel}","templated":true}]}}