{"id":4207,"date":"2021-01-31T20:15:46","date_gmt":"2021-01-31T20:15:46","guid":{"rendered":"https:\/\/upes.edu.mx\/radio\/?page_id=4207"},"modified":"2021-01-31T20:18:33","modified_gmt":"2021-01-31T20:18:33","slug":"derechos-de-las-audiencias","status":"publish","type":"page","link":"https:\/\/upes.edu.mx\/radio\/?page_id=4207","title":{"rendered":"Derechos de las audiencias"},"content":{"rendered":"<p>[vc_row][vc_column]\t\t\t<hr class=\"qt-spacer-s\">\n\t\t[\/vc_column][\/vc_row][vc_row][vc_column]\t\t\t<h5 class=\"qt-caption-small qt-capfont \"><span>Son derechos de las audiencias<\/span><\/h5>\n\t\t[\/vc_column][\/vc_row][vc_row][vc_column][vc_column_text]Recibir contenidos que reflejen el pluralismo ideol\u00f3gico, pol\u00edtico, social, cultural y ling\u00fc\u00edstico de nuestro pa\u00eds.<\/p>\n<p>Derecho a la no discriminaci\u00f3n por origen \u00e9tnico o nacional, g\u00e9nero, edad, discapacidad, condici\u00f3n social, condiciones de salud, religi\u00f3n, opiniones, preferencias sexuales, estado civil o cualquier otra que atente contra la dignidad humana y tenga por objeto menoscabar los derechos y libertades de las personas.<\/p>\n<p>Recibir programaci\u00f3n que incluya diferentes g\u00e9neros que respondan a la diversidad y pluralidad de ideas y opiniones que fortalezcan la vida democr\u00e1tica.<\/p>\n<p>Respeto a los horarios de los programas y a que se avise con oportunidad los cambios a los mismos.<\/p>\n<p>Derecho a que se mantenga la misma calidad y niveles de audio durante la programaci\u00f3n.[\/vc_column_text][\/vc_column][\/vc_row][vc_row][vc_column]\t\t\t<hr class=\"qt-spacer-s\">\n\t\t[\/vc_column][\/vc_row][vc_row][vc_column]\t\t\t<h5 class=\"qt-caption-small qt-capfont \"><span>Derechos de las audiencias con discapacidad<\/span><\/h5>\n\t\t[\/vc_column][\/vc_row][vc_row][vc_column][vc_column_text]Que se promueva el reconocimiento de sus capacidades, m\u00e9ritos y habilidades, as\u00ed como la necesidad de su atenci\u00f3n y respeto.<\/p>\n<p>Contar con mecanismos para expresar sus reclamaciones, sugerencias y quejas a<br \/>\nlos defensores de las audiencias.<\/p>\n<p>Acceso a la gu\u00eda de programaci\u00f3n a trav\u00e9s de un n\u00famero telef\u00f3nico o de portales de internet en formatos accesibles para personas con discapacidad.[\/vc_column_text][\/vc_column][\/vc_row]<\/p>\n","protected":false},"excerpt":{"rendered":"<p>[vc_row][vc_column][\/vc_column][\/vc_row][vc_row][vc_column][\/vc_column][\/vc_row][vc_row][vc_column][vc_column_text]Recibir contenidos que reflejen el pluralismo ideol\u00f3gico, pol\u00edtico, social, cultural y ling\u00fc\u00edstico de nuestro pa\u00eds. Derecho a la no discriminaci\u00f3n por origen \u00e9tnico o nacional, g\u00e9nero, edad, discapacidad, condici\u00f3n social, condiciones de salud, religi\u00f3n, opiniones, preferencias sexuales, estado civil o cualquier otra que atente contra la dignidad humana y tenga por objeto menoscabar los derechos [&hellip;]<\/p>\n","protected":false},"author":1,"featured_media":0,"parent":0,"menu_order":0,"comment_status":"closed","ping_status":"closed","template":"","meta":[],"_links":{"self":[{"href":"https:\/\/upes.edu.mx\/radio\/index.php?rest_route=\/wp\/v2\/pages\/4207"}],"collection":[{"href":"https:\/\/upes.edu.mx\/radio\/index.php?rest_route=\/wp\/v2\/pages"}],"about":[{"href":"https:\/\/upes.edu.mx\/radio\/index.php?rest_route=\/wp\/v2\/types\/page"}],"author":[{"embeddable":true,"href":"https:\/\/upes.edu.mx\/radio\/index.php?rest_route=\/wp\/v2\/users\/1"}],"replies":[{"embeddable":true,"href":"https:\/\/upes.edu.mx\/radio\/index.php?rest_route=%2Fwp%2Fv2%2Fcomments&post=4207"}],"version-history":[{"count":2,"href":"https:\/\/upes.edu.mx\/radio\/index.php?rest_route=\/wp\/v2\/pages\/4207\/revisions"}],"predecessor-version":[{"id":4209,"href":"https:\/\/upes.edu.mx\/radio\/index.php?rest_route=\/wp\/v2\/pages\/4207\/revisions\/4209"}],"wp:attachment":[{"href":"https:\/\/upes.edu.mx\/radio\/index.php?rest_route=%2Fwp%2Fv2%2Fmedia&parent=4207"}],"curies":[{"name":"wp","href":"https:\/\/api.w.org\/{rel}","templated":true}]}}