{"id":7337,"date":"2024-11-13T14:54:40","date_gmt":"2024-11-13T21:54:40","guid":{"rendered":"https:\/\/upes.edu.mx\/radio\/?page_id=7337"},"modified":"2024-11-13T15:14:00","modified_gmt":"2024-11-13T22:14:00","slug":"documentos-aprobados-por-el-consejo-ciudadano","status":"publish","type":"page","link":"https:\/\/upes.edu.mx\/radio\/?page_id=7337","title":{"rendered":"Documentos aprobados por el Consejo Ciudadano"},"content":{"rendered":"<p><\/p>\n<p><\/p>\n<p><\/p>\n<ul>\n<li><a href=\"https:\/\/drive.google.com\/file\/d\/1OBwjnsjCXVJW4B1zjsOHfVxbCM82raRx\/view?usp=drive_link\" target=\"_blank\" rel=\"noreferrer noopener\">C\u00d3DIGO DE \u00c9TICA DE RADIO UPES<\/a><\/li>\n<li><a href=\"https:\/\/drive.google.com\/file\/d\/18R7hHHfZZbDpqwCf35wHMZF6BEHeHskE\/view?usp=drive_link\" target=\"_blank\" rel=\"noreferrer noopener\">DERECHOS DE LAS AUDIENCIAS 2023<\/a><\/li>\n<li><a href=\"https:\/\/drive.google.com\/file\/d\/11sxRf7DzY7MZj8HxUlRAyU9oLn8K2if2\/view?usp=drive_link\" target=\"_blank\" rel=\"noreferrer noopener\">GARANT\u00cdAS DE PARTICIPACI\u00d3N CIUDADANA EN RADIO UPES 2023<\/a><\/li>\n<li><a href=\"https:\/\/drive.google.com\/file\/d\/1Fh2OzKR6hdmWDnEcyi_VBN2vj-Fcj4U9\/view?usp=drive_link\" target=\"_blank\" rel=\"noreferrer noopener\">LINEAMIENTOS DEL CONSEJO CIUDADANO DE RADIO UPES 2023<\/a><\/li>\n<li><a href=\"https:\/\/drive.google.com\/file\/d\/1wDt9li6FygUwsIO69fPpn1kg1YFlIN0O\/view?usp=drive_link\" target=\"_blank\" rel=\"noreferrer noopener\">MECANISMOS PARA ASEGURAR LA INDEPENDENCIA EDITORIAL 2023<\/a><\/li>\n<li><a href=\"https:\/\/drive.google.com\/file\/d\/1iBjaNzgn7txIqS99BQY18sD8DEclao3n\/view?usp=drive_link\" target=\"_blank\" rel=\"noreferrer noopener\">REGLAS DE EXPRESI\u00d3N DE DIVERSIDADES IDEOL\u00d3GICAS, \u00c9TNICAS Y CULTURALES 2023<\/a><\/li>\n<\/ul>\n<p><\/p>\n","protected":false},"excerpt":{"rendered":"<p>C\u00d3DIGO DE \u00c9TICA DE RADIO UPESDERECHOS DE LAS AUDIENCIAS 2023GARANT\u00cdAS DE PARTICIPACI\u00d3N CIUDADANA EN RADIO UPES 2023LINEAMIENTOS DEL CONSEJO CIUDADANO DE RADIO UPES 2023MECANISMOS PARA ASEGURAR LA INDEPENDENCIA EDITORIAL 2023REGLAS DE EXPRESI\u00d3N DE DIVERSIDADES IDEOL\u00d3GICAS, \u00c9TNICAS Y CULTURALES 2023<\/p>\n","protected":false},"author":1,"featured_media":0,"parent":0,"menu_order":0,"comment_status":"closed","ping_status":"closed","template":"","meta":[],"_links":{"self":[{"href":"https:\/\/upes.edu.mx\/radio\/index.php?rest_route=\/wp\/v2\/pages\/7337"}],"collection":[{"href":"https:\/\/upes.edu.mx\/radio\/index.php?rest_route=\/wp\/v2\/pages"}],"about":[{"href":"https:\/\/upes.edu.mx\/radio\/index.php?rest_route=\/wp\/v2\/types\/page"}],"author":[{"embeddable":true,"href":"https:\/\/upes.edu.mx\/radio\/index.php?rest_route=\/wp\/v2\/users\/1"}],"replies":[{"embeddable":true,"href":"https:\/\/upes.edu.mx\/radio\/index.php?rest_route=%2Fwp%2Fv2%2Fcomments&post=7337"}],"version-history":[{"count":3,"href":"https:\/\/upes.edu.mx\/radio\/index.php?rest_route=\/wp\/v2\/pages\/7337\/revisions"}],"predecessor-version":[{"id":7351,"href":"https:\/\/upes.edu.mx\/radio\/index.php?rest_route=\/wp\/v2\/pages\/7337\/revisions\/7351"}],"wp:attachment":[{"href":"https:\/\/upes.edu.mx\/radio\/index.php?rest_route=%2Fwp%2Fv2%2Fmedia&parent=7337"}],"curies":[{"name":"wp","href":"https:\/\/api.w.org\/{rel}","templated":true}]}}