{"id":7384,"date":"2024-11-29T12:24:57","date_gmt":"2024-11-29T19:24:57","guid":{"rendered":"https:\/\/upes.edu.mx\/radio\/?page_id=7384"},"modified":"2024-11-29T12:24:58","modified_gmt":"2024-11-29T19:24:58","slug":"transparencia","status":"publish","type":"page","link":"https:\/\/upes.edu.mx\/radio\/?page_id=7384","title":{"rendered":"Transparencia"},"content":{"rendered":"<p><\/p>\n<p><\/p>\n<p><\/p>\n<p>Radio UPES es parte de la Coordinaci\u00f3n de Comunicaci\u00f3n Social de la Universidad Pedag\u00f3gica del Estado de Sinaloa, con obligaci\u00f3n de cumplimiento trimestral del Art\u00edculo 95, Fracci\u00f3n XXVIII, apartados 28 B, 28 C, 54 A y 54 B de la Ley de Transparencia e Informaci\u00f3n P\u00fablica del Estado de Sinaloa.<\/p>\n<p><\/p>\n<p><\/p>\n<p>Para m\u00e1s informaci\u00f3n de transparencia de la UPES, puede dar clic en los siguientes enlaces:<\/p>\n<p><\/p>\n<p><\/p>\n<p><a href=\"https:\/\/consultapublicamx.plataformadetransparencia.org.mx\/vut-web\/faces\/view\/consultaPublica.xhtml#inicio\" target=\"_blank\" rel=\"noreferrer noopener\">Plataforma Nacional de Transparencia<br \/><\/a><a href=\"https:\/\/armonizacioncontable.sinaloa.gob.mx\/detalle\/organismo.aspx?id=39\" target=\"_blank\" rel=\"noreferrer noopener\">Armonizaci\u00f3n contable<br \/><\/a><a href=\"https:\/\/www.upes.edu.mx\/portal\/index.php\/transparencia\/estados-financieros\" target=\"_blank\" rel=\"noreferrer noopener\">Estados financieros<br \/><\/a><a href=\"https:\/\/www.plataformadetransparencia.org.mx\/Inicio\" target=\"_blank\" rel=\"noreferrer noopener\">Acceso a la informaci\u00f3n<\/a><\/p>\n<p><\/p>\n","protected":false},"excerpt":{"rendered":"<p>Radio UPES es parte de la Coordinaci\u00f3n de Comunicaci\u00f3n Social de la Universidad Pedag\u00f3gica del Estado de Sinaloa, con obligaci\u00f3n de cumplimiento trimestral del Art\u00edculo 95, Fracci\u00f3n XXVIII, apartados 28 B, 28 C, 54 A y 54 B de la Ley de Transparencia e Informaci\u00f3n P\u00fablica del Estado de Sinaloa. Para m\u00e1s informaci\u00f3n de transparencia [&hellip;]<\/p>\n","protected":false},"author":1,"featured_media":0,"parent":0,"menu_order":0,"comment_status":"closed","ping_status":"closed","template":"","meta":[],"_links":{"self":[{"href":"https:\/\/upes.edu.mx\/radio\/index.php?rest_route=\/wp\/v2\/pages\/7384"}],"collection":[{"href":"https:\/\/upes.edu.mx\/radio\/index.php?rest_route=\/wp\/v2\/pages"}],"about":[{"href":"https:\/\/upes.edu.mx\/radio\/index.php?rest_route=\/wp\/v2\/types\/page"}],"author":[{"embeddable":true,"href":"https:\/\/upes.edu.mx\/radio\/index.php?rest_route=\/wp\/v2\/users\/1"}],"replies":[{"embeddable":true,"href":"https:\/\/upes.edu.mx\/radio\/index.php?rest_route=%2Fwp%2Fv2%2Fcomments&post=7384"}],"version-history":[{"count":1,"href":"https:\/\/upes.edu.mx\/radio\/index.php?rest_route=\/wp\/v2\/pages\/7384\/revisions"}],"predecessor-version":[{"id":7385,"href":"https:\/\/upes.edu.mx\/radio\/index.php?rest_route=\/wp\/v2\/pages\/7384\/revisions\/7385"}],"wp:attachment":[{"href":"https:\/\/upes.edu.mx\/radio\/index.php?rest_route=%2Fwp%2Fv2%2Fmedia&parent=7384"}],"curies":[{"name":"wp","href":"https:\/\/api.w.org\/{rel}","templated":true}]}}